{"id":1093,"date":"2022-04-04T15:36:24","date_gmt":"2022-04-04T14:36:24","guid":{"rendered":"https:\/\/cocreate.pt\/?post_type=product&#038;p=1093"},"modified":"2026-01-18T20:11:05","modified_gmt":"2026-01-18T20:11:05","slug":"private-booth-subscription","status":"publish","type":"product","link":"https:\/\/cocreate.pt\/fr\/produit\/private-booth-subscription\/","title":{"rendered":"Private Booth Subscription"},"content":{"rendered":"","protected":false},"excerpt":{"rendered":"<p>Nos cabines priv\u00e9es sont une option d'adh\u00e9sion pour ceux qui ont besoin d'un espace priv\u00e9 pour cr\u00e9er ainsi que de ressources d\u00e9di\u00e9es. Il s'agit d'un espace priv\u00e9 r\u00e9serv\u00e9 uniquement pour vous et vos affaires. Vous disposez d'un casier priv\u00e9 et d'une chaise ergonomique am\u00e9lior\u00e9e.<\/p>","protected":false},"featured_media":338,"comment_status":"open","ping_status":"closed","template":"","meta":[],"product_brand":[],"product_cat":[29],"product_tag":[],"class_list":{"0":"post-1093","1":"product","2":"type-product","3":"status-publish","4":"has-post-thumbnail","6":"product_cat-current-offer","8":"first","9":"outofstock","10":"downloadable","11":"virtual","12":"taxable","13":"purchasable","14":"product-type-subscription"},"_links":{"self":[{"href":"https:\/\/cocreate.pt\/fr\/wp-json\/wp\/v2\/product\/1093","targetHints":{"allow":["GET"]}}],"collection":[{"href":"https:\/\/cocreate.pt\/fr\/wp-json\/wp\/v2\/product"}],"about":[{"href":"https:\/\/cocreate.pt\/fr\/wp-json\/wp\/v2\/types\/product"}],"replies":[{"embeddable":true,"href":"https:\/\/cocreate.pt\/fr\/wp-json\/wp\/v2\/comments?post=1093"}],"wp:featuredmedia":[{"embeddable":true,"href":"https:\/\/cocreate.pt\/fr\/wp-json\/wp\/v2\/media\/338"}],"wp:attachment":[{"href":"https:\/\/cocreate.pt\/fr\/wp-json\/wp\/v2\/media?parent=1093"}],"wp:term":[{"taxonomy":"product_brand","embeddable":true,"href":"https:\/\/cocreate.pt\/fr\/wp-json\/wp\/v2\/product_brand?post=1093"},{"taxonomy":"product_cat","embeddable":true,"href":"https:\/\/cocreate.pt\/fr\/wp-json\/wp\/v2\/product_cat?post=1093"},{"taxonomy":"product_tag","embeddable":true,"href":"https:\/\/cocreate.pt\/fr\/wp-json\/wp\/v2\/product_tag?post=1093"}],"curies":[{"name":"wp","href":"https:\/\/api.w.org\/{rel}","templated":true}]}}