{"id":552,"date":"2021-06-26T10:22:42","date_gmt":"2021-06-26T10:22:42","guid":{"rendered":"https:\/\/cocreate.pt\/?page_id=552"},"modified":"2022-08-29T16:07:19","modified_gmt":"2022-08-29T15:07:19","slug":"membership-agreement","status":"publish","type":"page","link":"https:\/\/cocreate.pt\/de\/membership-agreement\/","title":{"rendered":"Membership Agreement"},"content":{"rendered":"<p>CoCreate bietet einen gemeinschaftlich genutzten Arbeitsbereich f\u00fcr kreative, ortsunabh\u00e4ngige Mitarbeiter. Es existiert wegen Ihnen und f\u00fcr Sie. Als Mitglied sind Sie nicht nur ein Kunde von CoCreate, sondern ein aktiver Teil von dem, was CoCreate f\u00fcr Sie und andere ist und tut.<\/p>\n\n\n\n<h2 class=\"wp-block-heading\"><strong>Merkmale der Mitgliedschaft&nbsp;<\/strong><\/h2>\n\n\n\n<h3 class=\"wp-block-heading\"><strong>Hot Desk<\/strong><\/h3>\n\n\n\n<ul class=\"wp-block-list\"><li>Zugang zum drahtlosen Hochgeschwindigkeits-Internet&nbsp;<\/li><li>Kostenfreie Nutzung des Konferenzraums (je nach Verf\u00fcgbarkeit)&nbsp;<\/li><li>Kostenlose Nutzung einer Telefonzelle (je nach Verf\u00fcgbarkeit)<\/li><li>Zugang zu einem Drucker (geb\u00fchrenpflichtig)<\/li><li>Zugang zu einer Kaffeestation (gegen Geb\u00fchr)<\/li><li>Zugang zu den R\u00e4umlichkeiten w\u00e4hrend der regul\u00e4ren Betriebszeiten (9:00 - 17:00 Uhr, Montag bis Freitag, au\u00dfer an Feiertagen)<\/li><li>Sitzplatz auf dem Gemeinschaftsarbeitsplatz f\u00fcr 10 Tage pro Kalendermonat<\/li><\/ul>\n\n\n\n<h3 class=\"wp-block-heading\"><strong>Private Kabine<\/strong><\/h3>\n\n\n\n<ul class=\"wp-block-list\"><li>Zugang zum drahtlosen Hochgeschwindigkeits-Internet&nbsp;<\/li><li>Kostenfreie Nutzung des Konferenzraums (je nach Verf\u00fcgbarkeit)&nbsp;<\/li><li>Kostenlose Nutzung einer Telefonzelle (je nach Verf\u00fcgbarkeit)<\/li><li>Zugang zu einem Drucker (geb\u00fchrenpflichtig)<\/li><li>Zugang zu einer Kaffeestation (gegen Geb\u00fchr)<\/li><li>Zugang zu den R\u00e4umlichkeiten w\u00e4hrend der regul\u00e4ren Betriebszeiten (9:00 - 17:00 Uhr, Montag bis Freitag, au\u00dfer an Feiertagen)<\/li><li>Eigener Schl\u00fcsselzugang (gegen Vorlage eines Identit\u00e4tsnachweises)<\/li><li>Private Kabine (eigener Arbeitsbereich)<\/li><li>Zugang zu einem Schlie\u00dffach (kostenlos)<\/li><\/ul>\n\n\n\n<h3 class=\"wp-block-heading\"><strong>Helping Hand - nur f\u00fcr ausgew\u00e4hlte Kandidaten<\/strong><\/h3>\n\n\n\n<ul class=\"wp-block-list\"><li>Zugang zum drahtlosen Hochgeschwindigkeits-Internet&nbsp;<\/li><li>Kostenfreie Nutzung des Konferenzraums (je nach Verf\u00fcgbarkeit)&nbsp;<\/li><li>Kostenlose Nutzung einer Telefonzelle (je nach Verf\u00fcgbarkeit)<\/li><li>Zugang zu einem Drucker (geb\u00fchrenpflichtig)<\/li><li>Zugang zu einer Kaffeestation (gegen Geb\u00fchr)<\/li><li>Zugang zu den R\u00e4umlichkeiten w\u00e4hrend der regul\u00e4ren Betriebszeiten (9:00 - 17:00 Uhr, Montag bis Freitag, au\u00dfer an Feiertagen)<\/li><li>Sitzplatz auf dem Gemeinschaftsarbeitsplatz f\u00fcr 10 Tage pro Kalendermonat<\/li><\/ul>\n\n\n\n<h2 class=\"wp-block-heading\"><strong>Zahlungsbedingungen &amp; Optionen&nbsp;<\/strong><\/h2>\n\n\n\n<h3 class=\"wp-block-heading\"><strong>Daten&nbsp;<\/strong><\/h3>\n\n\n\n<ul class=\"wp-block-list\"><li>Alle Mitgliedsbeitr\u00e4ge werden bis zur K\u00fcndigung monatlich f\u00e4llig.&nbsp;&nbsp;<\/li><li>CoCreate beh\u00e4lt sich das Recht vor, bei nicht fristgerechtem Zahlungseingang Verzugszinsen zu berechnen und\/oder Leistungen zur\u00fcckzuhalten.<\/li><\/ul>\n\n\n\n<p><strong>Zahlungsarten&nbsp;<\/strong><\/p>\n\n\n\n<ul class=\"wp-block-list\"><li>Die Mitglieder k\u00f6nnen per Kreditkarte mit Stripe bezahlen.<\/li><\/ul>\n\n\n\n<h2 class=\"wp-block-heading\"><strong>Nutzungsbedingungen&nbsp;<\/strong><\/h2>\n\n\n\n<p>Unsere TOU sind lang und langweilig, aber es ist wichtig, dass Sie sie sorgf\u00e4ltig lesen, um Ihre Rechte und Ihren Schutz sowie unsere Rechte zu verstehen. Bitte kontaktieren Sie uns unter info@cocreate.pt, wenn Sie Fragen zu diesen NB haben.<strong>&nbsp;<\/strong><\/p>\n\n\n\n<ol class=\"wp-block-list\"><li><strong>Akzeptanz der Bedingungen.&nbsp;<\/strong><\/li><\/ol>\n\n\n\n<p>Die Dienstleistungen, die CoCreate Ihnen, dem Unterzeichner, zur Verf\u00fcgung stellt (einschlie\u00dflich, aber nicht beschr\u00e4nkt auf die Nutzung der B\u00fcror\u00e4ume und den Internetzugang), unterliegen den folgenden Nutzungsbedingungen (\"TOU\").&nbsp;<\/p>\n\n\n\n<p>CoCreate beh\u00e4lt sich das Recht vor, die ANB jederzeit zu aktualisieren. CoCreate wird versuchen, Sie innerhalb von 30 Tagen nach Inkrafttreten der \u00c4nderungen \u00fcber die in der Mitgliedschaftsvereinbarung angegebenen Kontaktinformationen zu informieren.&nbsp;<\/p>\n\n\n\n<ol class=\"wp-block-list\" start=\"2\"><li><strong>Beschreibung der Dienstleistungen.&nbsp;<\/strong><\/li><\/ol>\n\n\n\n<p>CoCreate kann Ihnen Zugang zu B\u00fcror\u00e4umen, Arbeitspl\u00e4tzen, Internetzugang, B\u00fcroausstattung, Konferenzr\u00e4umen, Wissensressourcen und anderen Diensten gew\u00e4hren, die CoCreate von Zeit zu Zeit bereitstellt (zusammenfassend als \"Dienste\" bezeichnet). Die Dienste unterliegen zu jeder Zeit den TOU.&nbsp;<\/p>\n\n\n\n<ol class=\"wp-block-list\" start=\"3\"><li><strong>Keine ungesetzliche oder verbotene Nutzung.&nbsp;<\/strong><\/li><\/ol>\n\n\n\n<p>Eine Bedingung f\u00fcr die Nutzung der Dienste ist, dass Sie die Dienste nicht f\u00fcr Zwecke nutzen, die ungesetzlich oder durch diese Bedingungen und Hinweise verboten sind. Sie d\u00fcrfen die Dienste nicht auf eine Art und Weise nutzen, die einen CoCreate-Server oder die mit einem CoCreate-Server verbundenen Netzwerke besch\u00e4digen, deaktivieren, \u00fcberlasten oder beeintr\u00e4chtigen oder die Nutzung der Dienste durch andere Parteien st\u00f6ren k\u00f6nnte. Sie d\u00fcrfen nicht versuchen, sich durch Hacking, Passwort-Mining oder andere Mittel unbefugten Zugang zu Diensten, Konten, Computersystemen oder Netzwerken zu verschaffen, die mit einem CoCreate-Server oder einem der Dienste verbunden sind. Sie d\u00fcrfen nicht versuchen, Materialien oder Informationen durch Mittel zu erhalten, die nicht absichtlich durch die Dienste zur Verf\u00fcgung gestellt werden.&nbsp;<\/p>\n\n\n\n<p>Sie sichern hiermit zu und gew\u00e4hrleisten, dass Sie \u00fcber alle erforderlichen rechtlichen Befugnisse und Vollmachten verf\u00fcgen, um die Bestimmungen und Bedingungen dieser NB einzuhalten, und dass keine weitere Genehmigung oder Zustimmung erforderlich ist. Sie sichern ferner zu und gew\u00e4hrleisten, dass Ihre Teilnahme oder Nutzung der Dienste nicht mit Lizenzen, Vertr\u00e4gen, Vereinbarungen oder anderen Instrumenten oder Verpflichtungen, an denen Sie beteiligt sind, kollidiert oder zu einer Verletzung dieser f\u00fchrt.&nbsp;<\/p>\n\n\n\n<ol class=\"wp-block-list\" start=\"4\"><li><strong>Inanspruchnahme von Dienstleistungen.&nbsp;<\/strong><\/li><\/ol>\n\n\n\n<p>Sie erkl\u00e4ren sich damit einverstanden, dass Sie bei der Teilnahme an den Diensten oder bei deren Nutzung Folgendes nicht tun werden&nbsp;<\/p>\n\n\n\n<ol class=\"wp-block-list\"><li>die Dienste in Verbindung mit Wettbewerben, Schneeballsystemen, Kettenbriefen, Junk-E-Mails, Spamming oder anderen duplizierten oder unaufgeforderten Nachrichten (kommerziell oder anderweitig) zu nutzen;&nbsp;<\/li><li>Verleumdung, Missbrauch, Bel\u00e4stigung, Stalking, Bedrohung oder anderweitige Verletzung der gesetzlichen Rechte anderer (z. B. des Rechts auf Privatsph\u00e4re und Publizit\u00e4t);&nbsp;<\/li><li>Unangemessene, gottesl\u00e4sterliche, verleumderische, obsz\u00f6ne, unanst\u00e4ndige oder ungesetzliche Themen, Namen, Materialien oder Informationen auf oder \u00fcber die C o Create Services zu ver\u00f6ffentlichen, einzustellen, hochzuladen, zu verteilen oder zu verbreiten;&nbsp;<\/li><li>Dateien hochzuladen oder anderweitig zur Verf\u00fcgung zu stellen, die Bilder, Fotografien, Software oder andere Materialien enthalten, die durch Gesetze zum Schutz des geistigen Eigentums gesch\u00fctzt sind, einschlie\u00dflich, als Beispiel und nicht als Einschr\u00e4nkung, durch Urheberrechts- oder Markengesetze (oder durch Rechte zum Schutz der Privatsph\u00e4re oder der \u00d6ffentlichkeit), es sei denn, Sie besitzen oder kontrollieren die Rechte daran oder haben alle erforderlichen Genehmigungen erhalten, um dies zu tun;&nbsp;<\/li><li>Material oder Informationen, einschlie\u00dflich Bilder oder Fotografien, die \u00fcber die Dienste zur Verf\u00fcgung gestellt werden, in einer Weise zu verwenden, die Urheberrechte, Marken, Patente, Gesch\u00e4ftsgeheimnisse oder andere Eigentumsrechte einer Partei verletzt;&nbsp;<\/li><li>Dateien hochzuladen, die Viren, Trojanische Pferde, W\u00fcrmer, Zeitbomben, Cancelbots, besch\u00e4digte Dateien oder andere \u00e4hnliche Software oder Programme enthalten, die den Betrieb eines fremden Computers oder fremdes Eigentum besch\u00e4digen k\u00f6nnen;&nbsp;<\/li><li>Dateien herunterzuladen, von denen Sie wissen oder vern\u00fcnftigerweise wissen sollten, dass sie auf diese Weise nicht legal vervielf\u00e4ltigt, angezeigt, aufgef\u00fchrt und\/oder verbreitet werden d\u00fcrfen;&nbsp;<\/li><li>Andere Nutzer in der Nutzung der Dienste einschr\u00e4nken oder daran hindern, diese zu genie\u00dfen;&nbsp;&nbsp;<\/li><li>Sammeln oder anderweitige Erfassung von Informationen \u00fcber andere, einschlie\u00dflich E-Mail-Adressen, ohne die Genehmigung oder Zustimmung der offenlegenden Partei;&nbsp;<\/li><li>gegen geltende Gesetze oder Vorschriften versto\u00dfen; und&nbsp;<\/li><li>Anlegen einer falschen Identit\u00e4t, um andere in die Irre zu f\u00fchren.&nbsp;<\/li><\/ol>\n\n\n\n<p><strong>5. CoCreate beh\u00e4lt sich das Recht vor, jederzeit alle Informationen \u00fcber Sie offenzulegen, <\/strong>Ihr<strong> <\/strong>die Teilnahme an und die Nutzung der Dienste, wenn CoCreate dies f\u00fcr notwendig erachtet, um geltende Gesetze, Vorschriften, rechtliche Verfahren oder beh\u00f6rdliche Anforderungen zu erf\u00fcllen, oder um Informationen oder Materialien ganz oder teilweise nach CoCreates eigenem Ermessen zu bearbeiten, zu verweigern oder zu entfernen.&nbsp;<\/p>\n\n\n\n<p><strong>6. Vertraulichkeit.&nbsp;<\/strong><\/p>\n\n\n\n<ol class=\"wp-block-list\"><li>Sie erkennen an und erkl\u00e4ren sich damit einverstanden, dass Sie w\u00e4hrend Ihrer Teilnahme an den Diensten und deren Nutzung mit vertraulichen Informationen in Ber\u00fchrung kommen k\u00f6nnen. \"Vertrauliche Informationen\" sind alle Informationen, die ganz oder teilweise von CoCreate oder einem Teilnehmer oder Nutzer der Dienste oder einem Mitarbeiter, einer Tochtergesellschaft oder einem Vertreter von CoCreate offengelegt werden und die nicht \u00f6ffentlich, vertraulich oder urheberrechtlich gesch\u00fctzt sind.<\/li><\/ol>\n\n\n\n<p>Zu den vertraulichen Informationen geh\u00f6ren auch, ohne Einschr\u00e4nkung, Informationen \u00fcber Gesch\u00e4fte, Verk\u00e4ufe, Betriebsabl\u00e4ufe, Know-how, Gesch\u00e4ftsgeheimnisse, Technologie, Produkte, Mitarbeiter, Kunden, Marketingpl\u00e4ne, Finanzinformationen, Dienstleistungen, gesch\u00e4ftliche Angelegenheiten, alle Erkenntnisse, die durch Pr\u00fcfung oder Beobachtung von oder Zugang zu den Einrichtungen, Computersystemen und\/oder B\u00fcchern und Aufzeichnungen von CoCreate gewonnen wurden, alle Analysen, Zusammenstellungen, Studien oder andere Dokumente, die von CoCreate erstellt oder auf andere Weise von den vertraulichen Informationen abgeleitet wurden, sowie alle Informationen, die Sie vertraulich behandeln m\u00fcssen oder von denen Sie wissen oder Grund zu der Annahme haben, dass sie vertraulich behandelt werden sollten.&nbsp;<\/p>\n\n\n\n<ol class=\"wp-block-list\" start=\"2\"><li>Durch Ihre Teilnahme an und\/oder Nutzung der Dienste verpflichten Sie sich zu&nbsp;<\/li><\/ol>\n\n\n\n<ol class=\"wp-block-list\"><li>alle vertraulichen Informationen streng vertraulich zu behandeln;&nbsp;<\/li><li>vertrauliche Informationen nicht an Dritte weiterzugeben;&nbsp;<\/li><li>die vertraulichen Informationen nicht in einer Weise zu verwenden, die CoCreate oder einem Teilnehmer oder Nutzer der Dienste direkt oder indirekt schadet.&nbsp;<\/li><\/ol>\n\n\n\n<p>c) Alle vertraulichen Informationen bleiben das alleinige und exklusive Eigentum von CoCreate oder der jeweiligen offenlegenden Partei. Sie erkennen an und erkl\u00e4ren sich damit einverstanden, dass nichts in diesen NB oder Ihrer Teilnahme oder Nutzung der Dienste so ausgelegt werden kann, dass Ihnen Rechte an oder auf vertrauliche Informationen oder Patente, Urheberrechte oder anderes geistiges Eigentum oder Eigentumsrechte von CoCreate oder anderen Teilnehmern oder Nutzern der Dienste gew\u00e4hrt werden, sei es durch Lizenz oder auf andere Weise.&nbsp;<\/p>\n\n\n\n<p><strong>7. Teilnahme an oder Nutzung von Dienstleistungen.&nbsp;<\/strong><\/p>\n\n\n\n<p>Sie erkennen an, dass Sie aus freiem Willen und eigener Entscheidung an den Diensten teilnehmen oder diese nutzen. Sie erkennen an, dass CoCreate keine Haftung in Bezug auf Ihren Zugang, Ihre Teilnahme an den Diensten, Ihre Nutzung der Dienste oder den Verlust von Informationen oder Ger\u00e4ten infolge einer solchen Teilnahme oder Nutzung \u00fcbernimmt.\u00a0<\/p>\n\n\n\n<p>Sie d\u00fcrfen nicht versuchen, sich durch Hacking, Passwort-Mining oder andere Mittel unbefugten Zugang zu den Diensten, Konten, Computersystemen oder Netzwerken zu verschaffen, die mit einem CoCreate-Server oder einem der Dienste verbunden sind. Sie d\u00fcrfen keine Materialien oder Informationen durch Mittel erhalten oder versuchen zu erhalten, die nicht absichtlich durch die Dienste zur Verf\u00fcgung gestellt werden.<\/p>\n\n\n\n<p>Wenn Sie als letzte Person das Haus verlassen, schalten Sie das Licht aus, stellen Sie sicher, dass die Kaffeemaschine ausgeschaltet ist, schlie\u00dfen Sie alle Fenster und verriegeln Sie die T\u00fcr.<\/p>\n\n\n\n<p><strong>8. Ausschluss von Garantien.&nbsp;<\/strong><\/p>\n\n\n\n<p>CoCreate stellt die Dienste im gr\u00f6\u00dftm\u00f6glichen gesetzlich zul\u00e4ssigen Umfang \"wie besehen\" und mit allen Fehlern zur Verf\u00fcgung und lehnt hiermit in Bezug auf die Dienste alle ausdr\u00fccklichen, stillschweigenden oder gesetzlichen Garantien und Bedingungen ab, einschlie\u00dflich, aber nicht beschr\u00e4nkt auf (etwaige) Garantien, Pflichten oder Bedingungen in Bezug auf die Marktg\u00e4ngigkeit, die Eignung f\u00fcr einen bestimmten Zweck, das Nichtvorhandensein von Viren, die Genauigkeit oder Vollst\u00e4ndigkeit der Antworten, die Ergebnisse, die fachm\u00e4nnische Arbeit und das Fehlen von Fahrl\u00e4ssigkeit. Es gibt auch keine Garantie, Verpflichtung oder Bedingung des Eigentums, des ruhigen Genusses, des ruhigen Besitzes, der \u00dcbereinstimmung mit der Beschreibung oder der Nichtverletzung von Rechten. Das gesamte Risiko in Bezug auf die Qualit\u00e4t oder aus der Teilnahme an den Diensten oder deren Nutzung liegt bei Ihnen.&nbsp;<\/p>\n\n\n\n<p><strong>9. Ausschluss von Begleit- und Folgesch\u00e4den und bestimmten anderen Sch\u00e4den.&nbsp;<\/strong><\/p>\n\n\n\n<p>Es wird dringend empfohlen, dass Sie als Nutzer eine Mieterversicherung abschlie\u00dfen, um Ihre eigene Ausr\u00fcstung w\u00e4hrend der Nutzung unserer R\u00e4umlichkeiten zu versichern. Diese Versicherung kann sowohl f\u00fcr Ihren derzeitigen Wohnsitz\/B\u00fcro als auch f\u00fcr die R\u00e4umlichkeiten von CoCreate gelten.<\/p>\n\n\n\n<p>Soweit es das geltende Recht zul\u00e4sst, haften CoCreate oder seine Tochtergesellschaften (unabh\u00e4ngig davon, ob es sich um eine hundertprozentige Tochtergesellschaft handelt oder nicht), verbundenen Unternehmen, Abteilungen und deren fr\u00fchere, gegenw\u00e4rtige und k\u00fcnftige leitende Angestellte, Vertreter, Anteilseigner, Mitglieder, Vertreter, Mitarbeiter, Nachfolger und Bevollm\u00e4chtigte weder gemeinsam noch einzeln f\u00fcr direkte, besondere, zuf\u00e4llige, indirekte, strafende, Folge- oder sonstige Sch\u00e4den (einschlie\u00dflich, aber nicht beschr\u00e4nkt auf Sch\u00e4den f\u00fcr: Gewinneinbu\u00dfen, Verlust vertraulicher oder sonstiger Informationen, Gesch\u00e4ftsunterbrechung, Personensch\u00e4den, Verlust der Privatsph\u00e4re, Nichterf\u00fcllung von Pflichten (einschlie\u00dflich des Grundsatzes von Treu und Glauben oder der angemessenen Sorgfalt), Fahrl\u00e4ssigkeit und alle anderen finanziellen oder sonstigen Verluste), die sich aus der Teilnahme an den Diensten oder der Unm\u00f6glichkeit der Teilnahme an den Diensten oder der Nutzung der Dienste ergeben oder in irgendeiner Weise damit zusammenh\u00e4ngen, der Bereitstellung oder Nichtbereitstellung von Diensten oder anderweitig im Rahmen oder in Verbindung mit einer Bestimmung dieser Vereinbarung, selbst im Falle von Verschulden, unerlaubter Handlung (einschlie\u00dflich Fahrl\u00e4ssigkeit), Gef\u00e4hrdungshaftung, Vertragsbruch oder Garantieverletzung von CoCreate, und selbst wenn CoCreate auf die M\u00f6glichkeit solcher Sch\u00e4den hingewiesen worden ist.&nbsp;<\/p>\n\n\n\n<p><strong>10. Haftungsbeschr\u00e4nkung und Rechtsbehelfe.&nbsp;<\/strong><\/p>\n\n\n\n<p>Ungeachtet aller Sch\u00e4den, die Ihnen aus irgendeinem Grund entstehen k\u00f6nnten (einschlie\u00dflich, aber nicht beschr\u00e4nkt auf alle oben genannten Sch\u00e4den und alle direkten oder allgemeinen Sch\u00e4den), ist die gesamte Haftung von CoCreate oder seinen Tochtergesellschaften (unabh\u00e4ngig davon, ob es sich um eine hundertprozentige Tochtergesellschaft handelt oder nicht), verbundenen Unternehmen, Abteilungen und ihren fr\u00fcheren, gegenw\u00e4rtigen und zuk\u00fcnftigen leitenden Angestellten, Vertretern, Anteilseignern, Mitgliedern, Vertretern, Angestellten, Nachfolgern und Bevollm\u00e4chtigten im Rahmen dieser NB und Ihr ausschlie\u00dflicher Rechtsbehelf in Bezug auf alle vorgenannten Punkte auf die tats\u00e4chlichen Sch\u00e4den beschr\u00e4nkt, die Ihnen aufgrund eines angemessenen Vertrauens entstanden sind, und zwar bis zu einem Betrag von zehn Euro (EUR 10.00). Die vorstehenden Beschr\u00e4nkungen, Ausschl\u00fcsse und Haftungsausschl\u00fcsse (einschlie\u00dflich der Abschnitte 8 und 9 oben) gelten im gr\u00f6\u00dftm\u00f6glichen gesetzlich zul\u00e4ssigen Umfang, auch wenn ein Rechtsmittel seinen wesentlichen Zweck verfehlt.&nbsp;<\/p>\n\n\n\n<p><strong>11. Beendigung.&nbsp;<\/strong><\/p>\n\n\n\n<p>CoCreate beh\u00e4lt sich das Recht vor, jeden Dienst jederzeit zu k\u00fcndigen. CoCreate beh\u00e4lt sich au\u00dferdem das Recht vor, Ihre Teilnahme an und Nutzung von Diensten mit sofortiger Wirkung und ohne Vorank\u00fcndigung zu beenden, wenn Sie die NB nicht einhalten und\/oder die Arbeitsumgebung f\u00fcr andere st\u00f6ren.&nbsp;<\/p>\n\n\n\n<p><strong>12. Entsch\u00e4digung.&nbsp;<\/strong><\/p>\n\n\n\n<p>Sie entbinden CoCreate und die Tochtergesellschaften von CoCreate (unabh\u00e4ngig davon, ob es sich um eine hundertprozentige Tochtergesellschaft handelt oder nicht), verbundene Unternehmen, Abteilungen und deren fr\u00fchere, gegenw\u00e4rtige und k\u00fcnftige F\u00fchrungskr\u00e4fte, Vertreter, Anteilseigner, Mitglieder, Vertreter, Mitarbeiter, Nachfolger und Bevollm\u00e4chtigte gemeinsam und einzeln von und gegen alle Anspr\u00fcche, Haftungen, Verluste, Sch\u00e4den, Kosten, Ausgaben, Urteile, Bu\u00dfgelder und Strafen, die auf Ihren fahrl\u00e4ssigen Handlungen, Fehlern und Unterlassungen, vors\u00e4tzlichem Fehlverhalten und Betrug in Verbindung mit der Teilnahme an oder der Nutzung der Dienste beruhen oder daraus entstehen. Sie erkl\u00e4ren sich ferner damit einverstanden, dass Sie im Falle einer Klage oder eines Rechtsstreits, der gegen diese Vereinbarung verst\u00f6\u00dft, f\u00fcr alle Anwaltsgeb\u00fchren und -kosten haften, die CoCreate oder seinen jeweiligen leitenden Angestellten und Vertretern im Zusammenhang mit der Verteidigung gegen eine solche Klage oder einen solchen Rechtsstreit entstehen.&nbsp;<\/p>\n\n\n\n<p><strong>13. Trennbarkeit.&nbsp;<\/strong><\/p>\n\n\n\n<p>Sollte eine Bestimmung oder ein Teil dieser NB aus irgendeinem Grund ganz oder teilweise ung\u00fcltig, rechtswidrig oder nicht durchsetzbar sein, so bleiben die \u00fcbrigen Bestimmungen dieser NB davon unber\u00fchrt und behalten ihre volle G\u00fcltigkeit, soweit dies nach geltendem Recht zul\u00e4ssig ist.&nbsp;<\/p>\n\n\n\n<p><strong>Ich best\u00e4tige hiermit, dass ich alle in diesen NB enthaltenen Bestimmungen und Bedingungen gelesen und verstanden habe, und erkl\u00e4re mich ferner damit einverstanden, an die NB bez\u00fcglich meiner Teilnahme an den Diensten und deren Nutzung gebunden zu sein.&nbsp;<\/strong><\/p>","protected":false},"excerpt":{"rendered":"<p>CoCreate offers a shared, community-driven workspace for creative, location-independent workers. It exists because of you and for you. As a member, you will not just be a customer of CoCreate; you\u2019ll be an active part of what CoCreate is and does for you and for others.\u2028 Membership Features&nbsp; Hot Desk Access to high-speed wireless internet&nbsp; [&hellip;]<\/p>\n","protected":false},"author":1,"featured_media":0,"parent":0,"menu_order":0,"comment_status":"closed","ping_status":"closed","template":"","meta":{"footnotes":""},"class_list":["post-552","page","type-page","status-publish","hentry"],"_links":{"self":[{"href":"https:\/\/cocreate.pt\/de\/wp-json\/wp\/v2\/pages\/552","targetHints":{"allow":["GET"]}}],"collection":[{"href":"https:\/\/cocreate.pt\/de\/wp-json\/wp\/v2\/pages"}],"about":[{"href":"https:\/\/cocreate.pt\/de\/wp-json\/wp\/v2\/types\/page"}],"author":[{"embeddable":true,"href":"https:\/\/cocreate.pt\/de\/wp-json\/wp\/v2\/users\/1"}],"replies":[{"embeddable":true,"href":"https:\/\/cocreate.pt\/de\/wp-json\/wp\/v2\/comments?post=552"}],"version-history":[{"count":5,"href":"https:\/\/cocreate.pt\/de\/wp-json\/wp\/v2\/pages\/552\/revisions"}],"predecessor-version":[{"id":1927,"href":"https:\/\/cocreate.pt\/de\/wp-json\/wp\/v2\/pages\/552\/revisions\/1927"}],"wp:attachment":[{"href":"https:\/\/cocreate.pt\/de\/wp-json\/wp\/v2\/media?parent=552"}],"curies":[{"name":"wp","href":"https:\/\/api.w.org\/{rel}","templated":true}]}}